{"id":1241,"date":"2024-12-31T13:09:25","date_gmt":"2024-12-31T12:09:25","guid":{"rendered":"https:\/\/itproject.solutions\/?page_id=1241"},"modified":"2024-12-31T13:41:03","modified_gmt":"2024-12-31T12:41:03","slug":"1241-2","status":"publish","type":"page","link":"https:\/\/itproject.solutions\/?page_id=1241","title":{"rendered":"FAQ"},"content":{"rendered":"\t\t<div data-elementor-type=\"wp-page\" data-elementor-id=\"1241\" class=\"elementor elementor-1241\">\n\t\t\t\t\t\t<section class=\"elementor-section elementor-top-section elementor-element elementor-element-545d5749 elementor-section-content-middle elementor-section-boxed elementor-section-height-default elementor-section-height-default\" data-id=\"545d5749\" data-element_type=\"section\" data-e-type=\"section\" id=\"faq_section\" data-settings=\"{&quot;background_background&quot;:&quot;classic&quot;}\">\n\t\t\t\t\t\t<div class=\"elementor-container elementor-column-gap-no\">\n\t\t\t\t\t<div class=\"elementor-column elementor-col-100 elementor-top-column elementor-element elementor-element-103ff5e0\" data-id=\"103ff5e0\" data-element_type=\"column\" data-e-type=\"column\">\n\t\t\t<div class=\"elementor-widget-wrap elementor-element-populated\">\n\t\t\t\t\t\t<div class=\"elementor-element elementor-element-3bb97cc4 animated-slow elementor-invisible elementor-widget elementor-widget-heading\" data-id=\"3bb97cc4\" data-element_type=\"widget\" data-e-type=\"widget\" data-settings=\"{&quot;_animation&quot;:&quot;fadeIn&quot;}\" data-widget_type=\"heading.default\">\n\t\t\t\t<div class=\"elementor-widget-container\">\n\t\t\t\t\t<h2 class=\"elementor-heading-title elementor-size-default\">FOIRE AUX QUESTIONS (FAQ)<\/h2>\t\t\t\t<\/div>\n\t\t\t\t<\/div>\n\t\t\t\t<div class=\"elementor-element elementor-element-2b82239d animated-slow elementor-invisible elementor-widget elementor-widget-eael-adv-accordion\" data-id=\"2b82239d\" data-element_type=\"widget\" data-e-type=\"widget\" data-settings=\"{&quot;_animation&quot;:&quot;fadeIn&quot;,&quot;_animation_delay&quot;:300}\" data-widget_type=\"eael-adv-accordion.default\">\n\t\t\t\t<div class=\"elementor-widget-container\">\n\t\t\t\t\t            <div class=\"eael-adv-accordion\" id=\"eael-adv-accordion-2b82239d\" data-scroll-on-click=\"no\" data-scroll-speed=\"300\" data-accordion-id=\"2b82239d\" data-accordion-type=\"accordion\" data-toogle-speed=\"300\">\n            <div class=\"eael-accordion-list\">\n\t\t\t\t\t<div id=\"quest-ce-quun-erp-et-quel-impact-peut-il-avoir-sur-mon-entreprise-\" class=\"elementor-tab-title eael-accordion-header\" tabindex=\"0\" data-tab=\"1\" aria-controls=\"elementor-tab-content-7291\"><span class=\"eael-accordion-tab-title\">Qu\u2019est-ce qu\u2019un ERP et quel impact peut-il avoir sur mon entreprise ?<\/span><svg aria-hidden=\"true\" class=\"fa-toggle e-font-icon-svg e-fas-angle-right\" viewBox=\"0 0 256 512\" xmlns=\"http:\/\/www.w3.org\/2000\/svg\"><path d=\"M224.3 273l-136 136c-9.4 9.4-24.6 9.4-33.9 0l-22.6-22.6c-9.4-9.4-9.4-24.6 0-33.9l96.4-96.4-96.4-96.4c-9.4-9.4-9.4-24.6 0-33.9L54.3 103c9.4-9.4 24.6-9.4 33.9 0l136 136c9.5 9.4 9.5 24.6.1 34z\"><\/path><\/svg><\/div><div id=\"elementor-tab-content-7291\" class=\"eael-accordion-content clearfix\" data-tab=\"1\" aria-labelledby=\"quest-ce-quun-erp-et-quel-impact-peut-il-avoir-sur-mon-entreprise-\"><p>Un ERP (Enterprise Resource Planning) est un syst\u00e8me qui centralise toutes les donn\u00e9es et processus d\u2019une entreprise dans un seul logiciel. Il vous aide \u00e0 automatiser des t\u00e2ches cl\u00e9s comme la gestion des stocks, la comptabilit\u00e9 et la planification de la production, permettant ainsi une meilleure coordination et une prise de d\u00e9cision plus rapide.<\/p>\n<p>\u00a0<\/p><\/div>\n\t\t\t\t\t<\/div><div class=\"eael-accordion-list\">\n\t\t\t\t\t<div id=\"en-quoi-un-crm-est-il-diffrent-dun-erp-\" class=\"elementor-tab-title eael-accordion-header\" tabindex=\"0\" data-tab=\"2\" aria-controls=\"elementor-tab-content-7292\"><span class=\"eael-accordion-tab-title\">En quoi un CRM est-il diff\u00e9rent d\u2019un ERP ?<\/span><svg aria-hidden=\"true\" class=\"fa-toggle e-font-icon-svg e-fas-angle-right\" viewBox=\"0 0 256 512\" xmlns=\"http:\/\/www.w3.org\/2000\/svg\"><path d=\"M224.3 273l-136 136c-9.4 9.4-24.6 9.4-33.9 0l-22.6-22.6c-9.4-9.4-9.4-24.6 0-33.9l96.4-96.4-96.4-96.4c-9.4-9.4-9.4-24.6 0-33.9L54.3 103c9.4-9.4 24.6-9.4 33.9 0l136 136c9.5 9.4 9.5 24.6.1 34z\"><\/path><\/svg><\/div><div id=\"elementor-tab-content-7292\" class=\"eael-accordion-content clearfix\" data-tab=\"2\" aria-labelledby=\"en-quoi-un-crm-est-il-diffrent-dun-erp-\"><p>Alors qu\u2019un ERP couvre l&rsquo;ensemble des fonctions internes de l&rsquo;entreprise (finance, production, gestion des ressources humaines), un CRM (Customer Relationship Management) se concentre sp\u00e9cifiquement sur la gestion de la relation avec vos clients et prospects. Il vous permet de suivre les interactions, d&rsquo;analyser les donn\u00e9es clients et d&rsquo;optimiser vos ventes.<\/p><\/div>\n\t\t\t\t\t<\/div><div class=\"eael-accordion-list\">\n\t\t\t\t\t<div id=\"pourquoi-choisir-une-solution-modulable-comme-divalto-\" class=\"elementor-tab-title eael-accordion-header\" tabindex=\"0\" data-tab=\"3\" aria-controls=\"elementor-tab-content-7293\"><span class=\"eael-accordion-tab-title\">Pourquoi choisir une solution modulable comme Divalto ?<\/span><svg aria-hidden=\"true\" class=\"fa-toggle e-font-icon-svg e-fas-angle-right\" viewBox=\"0 0 256 512\" xmlns=\"http:\/\/www.w3.org\/2000\/svg\"><path d=\"M224.3 273l-136 136c-9.4 9.4-24.6 9.4-33.9 0l-22.6-22.6c-9.4-9.4-9.4-24.6 0-33.9l96.4-96.4-96.4-96.4c-9.4-9.4-9.4-24.6 0-33.9L54.3 103c9.4-9.4 24.6-9.4 33.9 0l136 136c9.5 9.4 9.5 24.6.1 34z\"><\/path><\/svg><\/div><div id=\"elementor-tab-content-7293\" class=\"eael-accordion-content clearfix\" data-tab=\"3\" aria-labelledby=\"pourquoi-choisir-une-solution-modulable-comme-divalto-\"><p>Divalto est une solution ERP et CRM enti\u00e8rement personnalisable. Nous l\u2019adaptons sp\u00e9cifiquement \u00e0 vos processus m\u00e9tiers pour vous offrir une gestion plus fluide et plus performante. Son architecture modulaire permet d\u2019ajouter de nouvelles fonctionnalit\u00e9s \u00e0 mesure que votre entreprise \u00e9volue.<\/p><\/div>\n\t\t\t\t\t<\/div><div class=\"eael-accordion-list\">\n\t\t\t\t\t<div id=\"-pour-quel-type-dentreprise-vos-solutions-sont-elles-adaptes-\" class=\"elementor-tab-title eael-accordion-header\" tabindex=\"0\" data-tab=\"4\" aria-controls=\"elementor-tab-content-7294\"><span class=\"eael-accordion-tab-title\"> Pour quel type d\u2019entreprise vos solutions sont-elles adapt\u00e9es ?<\/span><svg aria-hidden=\"true\" class=\"fa-toggle e-font-icon-svg e-fas-angle-right\" viewBox=\"0 0 256 512\" xmlns=\"http:\/\/www.w3.org\/2000\/svg\"><path d=\"M224.3 273l-136 136c-9.4 9.4-24.6 9.4-33.9 0l-22.6-22.6c-9.4-9.4-9.4-24.6 0-33.9l96.4-96.4-96.4-96.4c-9.4-9.4-9.4-24.6 0-33.9L54.3 103c9.4-9.4 24.6-9.4 33.9 0l136 136c9.5 9.4 9.5 24.6.1 34z\"><\/path><\/svg><\/div><div id=\"elementor-tab-content-7294\" class=\"eael-accordion-content clearfix\" data-tab=\"4\" aria-labelledby=\"-pour-quel-type-dentreprise-vos-solutions-sont-elles-adaptes-\"><p>Que vous soyez une petite entreprise, une PME ou une grande organisation, nos solutions sont con\u00e7ues pour s\u2019adapter \u00e0 tous les types d&rsquo;entreprises, quel que soit votre secteur d\u2019activit\u00e9. Nous vous accompagnons pour am\u00e9liorer vos processus et optimiser votre gestion.<\/p><\/div>\n\t\t\t\t\t<\/div><div class=\"eael-accordion-list\">\n\t\t\t\t\t<div id=\"combien-cotent-vos-solutions-\" class=\"elementor-tab-title eael-accordion-header\" tabindex=\"0\" data-tab=\"5\" aria-controls=\"elementor-tab-content-7295\"><span class=\"eael-accordion-tab-title\">Combien co\u00fbtent vos solutions ?<\/span><svg aria-hidden=\"true\" class=\"fa-toggle e-font-icon-svg e-fas-angle-right\" viewBox=\"0 0 256 512\" xmlns=\"http:\/\/www.w3.org\/2000\/svg\"><path d=\"M224.3 273l-136 136c-9.4 9.4-24.6 9.4-33.9 0l-22.6-22.6c-9.4-9.4-9.4-24.6 0-33.9l96.4-96.4-96.4-96.4c-9.4-9.4-9.4-24.6 0-33.9L54.3 103c9.4-9.4 24.6-9.4 33.9 0l136 136c9.5 9.4 9.5 24.6.1 34z\"><\/path><\/svg><\/div><div id=\"elementor-tab-content-7295\" class=\"eael-accordion-content clearfix\" data-tab=\"5\" aria-labelledby=\"combien-cotent-vos-solutions-\"><p>Nos solutions sont adapt\u00e9es aux besoins sp\u00e9cifiques de chaque entreprise. Le prix varie en fonction des fonctionnalit\u00e9s choisies, du nombre d\u2019utilisateurs et des services associ\u00e9s (formation, support, etc.). Nous vous proposons un devis personnalis\u00e9 apr\u00e8s une \u00e9tude de vos besoins.<\/p><\/div>\n\t\t\t\t\t<\/div><\/div>\t\t\t\t<\/div>\n\t\t\t\t<\/div>\n\t\t\t\t<div class=\"elementor-element elementor-element-0971cfe animated-slow elementor-invisible elementor-widget elementor-widget-eael-adv-accordion\" data-id=\"0971cfe\" data-element_type=\"widget\" data-e-type=\"widget\" data-settings=\"{&quot;_animation&quot;:&quot;fadeIn&quot;,&quot;_animation_delay&quot;:300}\" data-widget_type=\"eael-adv-accordion.default\">\n\t\t\t\t<div class=\"elementor-widget-container\">\n\t\t\t\t\t            <div class=\"eael-adv-accordion\" id=\"eael-adv-accordion-0971cfe\" data-scroll-on-click=\"no\" data-scroll-speed=\"300\" data-accordion-id=\"0971cfe\" data-accordion-type=\"accordion\" data-toogle-speed=\"300\">\n            <div class=\"eael-accordion-list\">\n\t\t\t\t\t<div id=\"comment-se-passe-linstallation-dun-erp-divalto-\" class=\"elementor-tab-title eael-accordion-header\" tabindex=\"0\" data-tab=\"1\" aria-controls=\"elementor-tab-content-9901\"><span class=\"eael-accordion-tab-title\">Comment se passe l'installation d'un ERP Divalto ? <\/span><svg aria-hidden=\"true\" class=\"fa-toggle e-font-icon-svg e-fas-angle-right\" viewBox=\"0 0 256 512\" xmlns=\"http:\/\/www.w3.org\/2000\/svg\"><path d=\"M224.3 273l-136 136c-9.4 9.4-24.6 9.4-33.9 0l-22.6-22.6c-9.4-9.4-9.4-24.6 0-33.9l96.4-96.4-96.4-96.4c-9.4-9.4-9.4-24.6 0-33.9L54.3 103c9.4-9.4 24.6-9.4 33.9 0l136 136c9.5 9.4 9.5 24.6.1 34z\"><\/path><\/svg><\/div><div id=\"elementor-tab-content-9901\" class=\"eael-accordion-content clearfix\" data-tab=\"1\" aria-labelledby=\"comment-se-passe-linstallation-dun-erp-divalto-\"><p>L&rsquo;installation de Divalto se fait en plusieurs \u00e9tapes, \u00e0 commencer par un audit complet de vos besoins. Ensuite, nos consultants et chefs de projet travaillent avec vous pour personnaliser et installer l&rsquo;ERP. Nous vous accompagnons \u00e9galement dans la formation de vos \u00e9quipes pour garantir une adoption r\u00e9ussie.<\/p><\/div>\n\t\t\t\t\t<\/div><div class=\"eael-accordion-list\">\n\t\t\t\t\t<div id=\"comment-puis-je-demander-une-dmonstration-de-vos-solutions-\" class=\"elementor-tab-title eael-accordion-header\" tabindex=\"0\" data-tab=\"2\" aria-controls=\"elementor-tab-content-9902\"><span class=\"eael-accordion-tab-title\">Comment puis-je demander une d\u00e9monstration de vos solutions ?<\/span><svg aria-hidden=\"true\" class=\"fa-toggle e-font-icon-svg e-fas-angle-right\" viewBox=\"0 0 256 512\" xmlns=\"http:\/\/www.w3.org\/2000\/svg\"><path d=\"M224.3 273l-136 136c-9.4 9.4-24.6 9.4-33.9 0l-22.6-22.6c-9.4-9.4-9.4-24.6 0-33.9l96.4-96.4-96.4-96.4c-9.4-9.4-9.4-24.6 0-33.9L54.3 103c9.4-9.4 24.6-9.4 33.9 0l136 136c9.5 9.4 9.5 24.6.1 34z\"><\/path><\/svg><\/div><div id=\"elementor-tab-content-9902\" class=\"eael-accordion-content clearfix\" data-tab=\"2\" aria-labelledby=\"comment-puis-je-demander-une-dmonstration-de-vos-solutions-\"><p>Pour organiser une d\u00e9monstration personnalis\u00e9e de nos solutions ERP et CRM, il vous suffit de remplir le formulaire disponible sur notre site dans la section \u00ab\u00a0Demander une d\u00e9mo\u00a0\u00bb. Nous prendrons contact avec vous pour fixer un rendez-vous et vous pr\u00e9senter nos outils en fonction de vos besoins sp\u00e9cifiques.<\/p>\n<p>\u00a0<\/p><\/div>\n\t\t\t\t\t<\/div><div class=\"eael-accordion-list\">\n\t\t\t\t\t<div id=\"quelle-est-la-diffrence-entre-une-licence-traditionnelle-et-une-solution-saas-\" class=\"elementor-tab-title eael-accordion-header\" tabindex=\"0\" data-tab=\"3\" aria-controls=\"elementor-tab-content-9903\"><span class=\"eael-accordion-tab-title\">Quelle est la diff\u00e9rence entre une licence traditionnelle et une solution SaaS ?<\/span><svg aria-hidden=\"true\" class=\"fa-toggle e-font-icon-svg e-fas-angle-right\" viewBox=\"0 0 256 512\" xmlns=\"http:\/\/www.w3.org\/2000\/svg\"><path d=\"M224.3 273l-136 136c-9.4 9.4-24.6 9.4-33.9 0l-22.6-22.6c-9.4-9.4-9.4-24.6 0-33.9l96.4-96.4-96.4-96.4c-9.4-9.4-9.4-24.6 0-33.9L54.3 103c9.4-9.4 24.6-9.4 33.9 0l136 136c9.5 9.4 9.5 24.6.1 34z\"><\/path><\/svg><\/div><div id=\"elementor-tab-content-9903\" class=\"eael-accordion-content clearfix\" data-tab=\"3\" aria-labelledby=\"quelle-est-la-diffrence-entre-une-licence-traditionnelle-et-une-solution-saas-\"><p>Une licence traditionnelle signifie que vous achetez le logiciel pour l\u2019h\u00e9berger sur vos propres serveurs. Avec le mod\u00e8le SaaS, vous utilisez l\u2019ERP ou le CRM via internet, sans avoir \u00e0 g\u00e9rer l\u2019infrastructure, ce qui simplifie la maintenance et r\u00e9duit les co\u00fbts d\u2019installation.<\/p>\n<p>\u00a0<\/p><\/div>\n\t\t\t\t\t<\/div><div class=\"eael-accordion-list\">\n\t\t\t\t\t<div id=\"proposez-vous-des-formations-pour-lutilisation-de-vos-solutions-\" class=\"elementor-tab-title eael-accordion-header\" tabindex=\"0\" data-tab=\"4\" aria-controls=\"elementor-tab-content-9904\"><span class=\"eael-accordion-tab-title\">Proposez-vous des formations pour l\u2019utilisation de vos solutions ?<\/span><svg aria-hidden=\"true\" class=\"fa-toggle e-font-icon-svg e-fas-angle-right\" viewBox=\"0 0 256 512\" xmlns=\"http:\/\/www.w3.org\/2000\/svg\"><path d=\"M224.3 273l-136 136c-9.4 9.4-24.6 9.4-33.9 0l-22.6-22.6c-9.4-9.4-9.4-24.6 0-33.9l96.4-96.4-96.4-96.4c-9.4-9.4-9.4-24.6 0-33.9L54.3 103c9.4-9.4 24.6-9.4 33.9 0l136 136c9.5 9.4 9.5 24.6.1 34z\"><\/path><\/svg><\/div><div id=\"elementor-tab-content-9904\" class=\"eael-accordion-content clearfix\" data-tab=\"4\" aria-labelledby=\"proposez-vous-des-formations-pour-lutilisation-de-vos-solutions-\"><p>Oui, nous proposons des formations compl\u00e8tes pour vous et vos \u00e9quipes afin de garantir une adoption r\u00e9ussie de nos solutions ERP et CRM. Les formations peuvent \u00eatre dispens\u00e9es en ligne ou en pr\u00e9sentiel, selon vos pr\u00e9f\u00e9rences.<\/p>\n<p>\u00a0<\/p><\/div>\n\t\t\t\t\t<\/div><div class=\"eael-accordion-list\">\n\t\t\t\t\t<div id=\"quels-sont-les-avantages-dun-modle-saas-par-rapport-une-solution-hberge-sur-site-\" class=\"elementor-tab-title eael-accordion-header\" tabindex=\"0\" data-tab=\"5\" aria-controls=\"elementor-tab-content-9905\"><span class=\"eael-accordion-tab-title\">Quels sont les avantages d\u2019un mod\u00e8le SaaS par rapport \u00e0 une solution h\u00e9berg\u00e9e sur site ?<\/span><svg aria-hidden=\"true\" class=\"fa-toggle e-font-icon-svg e-fas-angle-right\" viewBox=\"0 0 256 512\" xmlns=\"http:\/\/www.w3.org\/2000\/svg\"><path d=\"M224.3 273l-136 136c-9.4 9.4-24.6 9.4-33.9 0l-22.6-22.6c-9.4-9.4-9.4-24.6 0-33.9l96.4-96.4-96.4-96.4c-9.4-9.4-9.4-24.6 0-33.9L54.3 103c9.4-9.4 24.6-9.4 33.9 0l136 136c9.5 9.4 9.5 24.6.1 34z\"><\/path><\/svg><\/div><div id=\"elementor-tab-content-9905\" class=\"eael-accordion-content clearfix\" data-tab=\"5\" aria-labelledby=\"quels-sont-les-avantages-dun-modle-saas-par-rapport-une-solution-hberge-sur-site-\"><p>Le mod\u00e8le SaaS (Software as a Service) offre de nombreux avantages, tels que l&rsquo;absence de gestion d&rsquo;infrastructure, des mises \u00e0 jour automatiques, et une meilleure flexibilit\u00e9 pour acc\u00e9der \u00e0 vos donn\u00e9es de n&rsquo;importe o\u00f9. Cela r\u00e9duit les co\u00fbts initiaux et la complexit\u00e9 de gestion par rapport \u00e0 une solution sur site.<\/p><\/div>\n\t\t\t\t\t<\/div><\/div>\t\t\t\t<\/div>\n\t\t\t\t<\/div>\n\t\t\t\t\t<\/div>\n\t\t<\/div>\n\t\t\t\t\t<\/div>\n\t\t<\/section>\n\t\t\t\t<\/div>\n\t\t","protected":false},"excerpt":{"rendered":"<p>FOIRE AUX QUESTIONS (FAQ) Qu\u2019est-ce qu\u2019un ERP et quel impact peut-il avoir sur mon entreprise ? Un ERP (Enterprise Resource Planning) est un syst\u00e8me qui centralise toutes les donn\u00e9es et processus d\u2019une entreprise dans un seul logiciel. Il vous aide \u00e0 automatiser des t\u00e2ches cl\u00e9s comme la gestion des stocks, la comptabilit\u00e9 et la planification [&hellip;]<\/p>\n","protected":false},"author":1,"featured_media":0,"parent":0,"menu_order":0,"comment_status":"closed","ping_status":"closed","template":"","meta":{"_eb_attr":"","ocean_post_layout":"","ocean_both_sidebars_style":"","ocean_both_sidebars_content_width":0,"ocean_both_sidebars_sidebars_width":0,"ocean_sidebar":"","ocean_second_sidebar":"","ocean_disable_margins":"enable","ocean_add_body_class":"","ocean_shortcode_before_top_bar":"","ocean_shortcode_after_top_bar":"","ocean_shortcode_before_header":"","ocean_shortcode_after_header":"","ocean_has_shortcode":"","ocean_shortcode_after_title":"","ocean_shortcode_before_footer_widgets":"","ocean_shortcode_after_footer_widgets":"","ocean_shortcode_before_footer_bottom":"","ocean_shortcode_after_footer_bottom":"","ocean_display_top_bar":"default","ocean_display_header":"default","ocean_header_style":"","ocean_center_header_left_menu":"","ocean_custom_header_template":"","ocean_custom_logo":0,"ocean_custom_retina_logo":0,"ocean_custom_logo_max_width":0,"ocean_custom_logo_tablet_max_width":0,"ocean_custom_logo_mobile_max_width":0,"ocean_custom_logo_max_height":0,"ocean_custom_logo_tablet_max_height":0,"ocean_custom_logo_mobile_max_height":0,"ocean_header_custom_menu":"","ocean_menu_typo_font_family":"","ocean_menu_typo_font_subset":"","ocean_menu_typo_font_size":0,"ocean_menu_typo_font_size_tablet":0,"ocean_menu_typo_font_size_mobile":0,"ocean_menu_typo_font_size_unit":"px","ocean_menu_typo_font_weight":"","ocean_menu_typo_font_weight_tablet":"","ocean_menu_typo_font_weight_mobile":"","ocean_menu_typo_transform":"","ocean_menu_typo_transform_tablet":"","ocean_menu_typo_transform_mobile":"","ocean_menu_typo_line_height":0,"ocean_menu_typo_line_height_tablet":0,"ocean_menu_typo_line_height_mobile":0,"ocean_menu_typo_line_height_unit":"","ocean_menu_typo_spacing":0,"ocean_menu_typo_spacing_tablet":0,"ocean_menu_typo_spacing_mobile":0,"ocean_menu_typo_spacing_unit":"","ocean_menu_link_color":"","ocean_menu_link_color_hover":"","ocean_menu_link_color_active":"","ocean_menu_link_background":"","ocean_menu_link_hover_background":"","ocean_menu_link_active_background":"","ocean_menu_social_links_bg":"","ocean_menu_social_hover_links_bg":"","ocean_menu_social_links_color":"","ocean_menu_social_hover_links_color":"","ocean_disable_title":"default","ocean_disable_heading":"default","ocean_post_title":"","ocean_post_subheading":"","ocean_post_title_style":"","ocean_post_title_background_color":"","ocean_post_title_background":0,"ocean_post_title_bg_image_position":"","ocean_post_title_bg_image_attachment":"","ocean_post_title_bg_image_repeat":"","ocean_post_title_bg_image_size":"","ocean_post_title_height":0,"ocean_post_title_bg_overlay":0.5,"ocean_post_title_bg_overlay_color":"","ocean_disable_breadcrumbs":"default","ocean_breadcrumbs_color":"","ocean_breadcrumbs_separator_color":"","ocean_breadcrumbs_links_color":"","ocean_breadcrumbs_links_hover_color":"","ocean_display_footer_widgets":"default","ocean_display_footer_bottom":"default","ocean_custom_footer_template":"","footnotes":""},"class_list":["post-1241","page","type-page","status-publish","hentry","entry"],"yoast_head":"<!-- This site is optimized with the Yoast SEO plugin v26.9 - https:\/\/yoast.com\/product\/yoast-seo-wordpress\/ -->\n<title>FAQ - IT PROJECT<\/title>\n<meta name=\"robots\" content=\"index, follow, max-snippet:-1, max-image-preview:large, max-video-preview:-1\" \/>\n<link rel=\"canonical\" href=\"https:\/\/itproject.solutions\/?page_id=1241\" \/>\n<meta property=\"og:locale\" content=\"fr_FR\" \/>\n<meta property=\"og:type\" content=\"article\" \/>\n<meta property=\"og:title\" content=\"FAQ - IT PROJECT\" \/>\n<meta property=\"og:description\" content=\"FOIRE AUX QUESTIONS (FAQ) Qu\u2019est-ce qu\u2019un ERP et quel impact peut-il avoir sur mon entreprise ? Un ERP (Enterprise Resource Planning) est un syst\u00e8me qui centralise toutes les donn\u00e9es et processus d\u2019une entreprise dans un seul logiciel. Il vous aide \u00e0 automatiser des t\u00e2ches cl\u00e9s comme la gestion des stocks, la comptabilit\u00e9 et la planification [&hellip;]\" \/>\n<meta property=\"og:url\" content=\"https:\/\/itproject.solutions\/?page_id=1241\" \/>\n<meta property=\"og:site_name\" content=\"IT PROJECT\" \/>\n<meta property=\"article:modified_time\" content=\"2024-12-31T12:41:03+00:00\" \/>\n<meta name=\"twitter:card\" content=\"summary_large_image\" \/>\n<meta name=\"twitter:label1\" content=\"Dur\u00e9e de lecture estim\u00e9e\" \/>\n\t<meta name=\"twitter:data1\" content=\"3 minutes\" \/>\n<script type=\"application\/ld+json\" class=\"yoast-schema-graph\">{\"@context\":\"https:\/\/schema.org\",\"@graph\":[{\"@type\":\"WebPage\",\"@id\":\"https:\/\/itproject.solutions\/?page_id=1241\",\"url\":\"https:\/\/itproject.solutions\/?page_id=1241\",\"name\":\"FAQ - IT PROJECT\",\"isPartOf\":{\"@id\":\"https:\/\/itproject.solutions\/#website\"},\"datePublished\":\"2024-12-31T12:09:25+00:00\",\"dateModified\":\"2024-12-31T12:41:03+00:00\",\"breadcrumb\":{\"@id\":\"https:\/\/itproject.solutions\/?page_id=1241#breadcrumb\"},\"inLanguage\":\"fr-FR\",\"potentialAction\":[{\"@type\":\"ReadAction\",\"target\":[\"https:\/\/itproject.solutions\/?page_id=1241\"]}]},{\"@type\":\"BreadcrumbList\",\"@id\":\"https:\/\/itproject.solutions\/?page_id=1241#breadcrumb\",\"itemListElement\":[{\"@type\":\"ListItem\",\"position\":1,\"name\":\"Accueil\",\"item\":\"https:\/\/itproject.solutions\/\"},{\"@type\":\"ListItem\",\"position\":2,\"name\":\"FAQ\"}]},{\"@type\":\"WebSite\",\"@id\":\"https:\/\/itproject.solutions\/#website\",\"url\":\"https:\/\/itproject.solutions\/\",\"name\":\"IT PROJECT\",\"description\":\"Int\u00e9grateur Divalto \u00e0 votre service\",\"publisher\":{\"@id\":\"https:\/\/itproject.solutions\/#organization\"},\"potentialAction\":[{\"@type\":\"SearchAction\",\"target\":{\"@type\":\"EntryPoint\",\"urlTemplate\":\"https:\/\/itproject.solutions\/?s={search_term_string}\"},\"query-input\":{\"@type\":\"PropertyValueSpecification\",\"valueRequired\":true,\"valueName\":\"search_term_string\"}}],\"inLanguage\":\"fr-FR\"},{\"@type\":\"Organization\",\"@id\":\"https:\/\/itproject.solutions\/#organization\",\"name\":\"IT PROJECT\",\"url\":\"https:\/\/itproject.solutions\/\",\"logo\":{\"@type\":\"ImageObject\",\"inLanguage\":\"fr-FR\",\"@id\":\"https:\/\/itproject.solutions\/#\/schema\/logo\/image\/\",\"url\":\"https:\/\/itproject.solutions\/wp-content\/uploads\/2025\/01\/logo-it-projetc-noir-e1639336580363.png\",\"contentUrl\":\"https:\/\/itproject.solutions\/wp-content\/uploads\/2025\/01\/logo-it-projetc-noir-e1639336580363.png\",\"width\":150,\"height\":47,\"caption\":\"IT PROJECT\"},\"image\":{\"@id\":\"https:\/\/itproject.solutions\/#\/schema\/logo\/image\/\"},\"sameAs\":[\"https:\/\/www.linkedin.com\/company\/it-project-intgrateur-divalto\/?viewAsMember=true\"]}]}<\/script>\n<!-- \/ Yoast SEO plugin. -->","yoast_head_json":{"title":"FAQ - IT PROJECT","robots":{"index":"index","follow":"follow","max-snippet":"max-snippet:-1","max-image-preview":"max-image-preview:large","max-video-preview":"max-video-preview:-1"},"canonical":"https:\/\/itproject.solutions\/?page_id=1241","og_locale":"fr_FR","og_type":"article","og_title":"FAQ - IT PROJECT","og_description":"FOIRE AUX QUESTIONS (FAQ) Qu\u2019est-ce qu\u2019un ERP et quel impact peut-il avoir sur mon entreprise ? Un ERP (Enterprise Resource Planning) est un syst\u00e8me qui centralise toutes les donn\u00e9es et processus d\u2019une entreprise dans un seul logiciel. Il vous aide \u00e0 automatiser des t\u00e2ches cl\u00e9s comme la gestion des stocks, la comptabilit\u00e9 et la planification [&hellip;]","og_url":"https:\/\/itproject.solutions\/?page_id=1241","og_site_name":"IT PROJECT","article_modified_time":"2024-12-31T12:41:03+00:00","twitter_card":"summary_large_image","twitter_misc":{"Dur\u00e9e de lecture estim\u00e9e":"3 minutes"},"schema":{"@context":"https:\/\/schema.org","@graph":[{"@type":"WebPage","@id":"https:\/\/itproject.solutions\/?page_id=1241","url":"https:\/\/itproject.solutions\/?page_id=1241","name":"FAQ - IT PROJECT","isPartOf":{"@id":"https:\/\/itproject.solutions\/#website"},"datePublished":"2024-12-31T12:09:25+00:00","dateModified":"2024-12-31T12:41:03+00:00","breadcrumb":{"@id":"https:\/\/itproject.solutions\/?page_id=1241#breadcrumb"},"inLanguage":"fr-FR","potentialAction":[{"@type":"ReadAction","target":["https:\/\/itproject.solutions\/?page_id=1241"]}]},{"@type":"BreadcrumbList","@id":"https:\/\/itproject.solutions\/?page_id=1241#breadcrumb","itemListElement":[{"@type":"ListItem","position":1,"name":"Accueil","item":"https:\/\/itproject.solutions\/"},{"@type":"ListItem","position":2,"name":"FAQ"}]},{"@type":"WebSite","@id":"https:\/\/itproject.solutions\/#website","url":"https:\/\/itproject.solutions\/","name":"IT PROJECT","description":"Int\u00e9grateur Divalto \u00e0 votre service","publisher":{"@id":"https:\/\/itproject.solutions\/#organization"},"potentialAction":[{"@type":"SearchAction","target":{"@type":"EntryPoint","urlTemplate":"https:\/\/itproject.solutions\/?s={search_term_string}"},"query-input":{"@type":"PropertyValueSpecification","valueRequired":true,"valueName":"search_term_string"}}],"inLanguage":"fr-FR"},{"@type":"Organization","@id":"https:\/\/itproject.solutions\/#organization","name":"IT PROJECT","url":"https:\/\/itproject.solutions\/","logo":{"@type":"ImageObject","inLanguage":"fr-FR","@id":"https:\/\/itproject.solutions\/#\/schema\/logo\/image\/","url":"https:\/\/itproject.solutions\/wp-content\/uploads\/2025\/01\/logo-it-projetc-noir-e1639336580363.png","contentUrl":"https:\/\/itproject.solutions\/wp-content\/uploads\/2025\/01\/logo-it-projetc-noir-e1639336580363.png","width":150,"height":47,"caption":"IT PROJECT"},"image":{"@id":"https:\/\/itproject.solutions\/#\/schema\/logo\/image\/"},"sameAs":["https:\/\/www.linkedin.com\/company\/it-project-intgrateur-divalto\/?viewAsMember=true"]}]}},"_links":{"self":[{"href":"https:\/\/itproject.solutions\/index.php?rest_route=\/wp\/v2\/pages\/1241","targetHints":{"allow":["GET"]}}],"collection":[{"href":"https:\/\/itproject.solutions\/index.php?rest_route=\/wp\/v2\/pages"}],"about":[{"href":"https:\/\/itproject.solutions\/index.php?rest_route=\/wp\/v2\/types\/page"}],"author":[{"embeddable":true,"href":"https:\/\/itproject.solutions\/index.php?rest_route=\/wp\/v2\/users\/1"}],"replies":[{"embeddable":true,"href":"https:\/\/itproject.solutions\/index.php?rest_route=%2Fwp%2Fv2%2Fcomments&post=1241"}],"version-history":[{"count":8,"href":"https:\/\/itproject.solutions\/index.php?rest_route=\/wp\/v2\/pages\/1241\/revisions"}],"predecessor-version":[{"id":1250,"href":"https:\/\/itproject.solutions\/index.php?rest_route=\/wp\/v2\/pages\/1241\/revisions\/1250"}],"wp:attachment":[{"href":"https:\/\/itproject.solutions\/index.php?rest_route=%2Fwp%2Fv2%2Fmedia&parent=1241"}],"curies":[{"name":"wp","href":"https:\/\/api.w.org\/{rel}","templated":true}]}}