{"id":1223,"date":"2024-12-31T12:59:34","date_gmt":"2024-12-31T11:59:34","guid":{"rendered":"https:\/\/itproject.solutions\/?page_id=1223"},"modified":"2025-01-02T20:02:37","modified_gmt":"2025-01-02T19:02:37","slug":"politique-de-confidentialite-2","status":"publish","type":"page","link":"https:\/\/itproject.solutions\/?page_id=1223","title":{"rendered":"Politique de confidentialit\u00e9"},"content":{"rendered":"\t\t<div data-elementor-type=\"wp-page\" data-elementor-id=\"1223\" class=\"elementor elementor-1223\">\n\t\t\t\t<div class=\"elementor-element elementor-element-49025e23 e-flex e-con-boxed e-con e-parent\" data-id=\"49025e23\" data-element_type=\"container\" data-e-type=\"container\">\n\t\t\t\t\t<div class=\"e-con-inner\">\n\t\t\t\t<div class=\"elementor-element elementor-element-7313d61e elementor-widget elementor-widget-text-editor\" data-id=\"7313d61e\" data-element_type=\"widget\" data-e-type=\"widget\" data-widget_type=\"text-editor.default\">\n\t\t\t\t<div class=\"elementor-widget-container\">\n\t\t\t\t\t\t\t\t\t\n<h2 class=\"wp-block-heading\">Politique de confidentialit\u00e9<\/h2>\n\n<p>Le site web est d\u00e9tenu par IT PROJECT, qui est responsable du traitement de vos donn\u00e9es personnelles. Nous avons adopt\u00e9 cette politique de confidentialit\u00e9 pour vous expliquer comment nous traitons les informations collect\u00e9es par le site, et les raisons pour lesquelles nous devons collecter certaines donn\u00e9es personnelles vous concernant. Nous vous invitons \u00e0 lire attentivement cette politique avant d\u2019utiliser notre site. Nous nous engageons \u00e0 garantir la confidentialit\u00e9 et la s\u00e9curit\u00e9 de vos donn\u00e9es personnelles.<\/p>\n<h3><strong>Les informations personnelles que nous collectons<\/strong><\/h3>\n<p>Lorsque vous visitez notre site, nous recueillons automatiquement certaines informations sur votre appareil, notamment des informations sur votre navigateur web, votre adresse IP, votre fuseau horaire, et certains des cookies install\u00e9s sur votre appareil. De plus, lorsque vous naviguez sur le site, nous recueillons des informations sur les pages que vous consultez, les produits que vous examinez, les termes de recherche qui vous ont renvoy\u00e9 au site, et la mani\u00e8re dont vous interagissez avec le site. Nous d\u00e9signons ces informations collect\u00e9es automatiquement par le terme \u201cinformations sur les appareils\u201d. Nous pourrions \u00e9galement collecter les donn\u00e9es personnelles que vous nous fournissez directement (nom, pr\u00e9nom, adresse, informations de paiement, etc.) lors de l\u2019inscription afin de pouvoir ex\u00e9cuter le contrat.<\/p>\n<h3><strong>Pourquoi traitons-nous vos donn\u00e9es ?<\/strong><\/h3>\n<p>Notre priorit\u00e9 absolue est la s\u00e9curit\u00e9 des donn\u00e9es des utilisateurs. \u00c0 ce titre, nous traitons uniquement des donn\u00e9es minimales, dans la mesure o\u00f9 cela est n\u00e9cessaire pour maintenir le site web. Les informations collect\u00e9es automatiquement sont utilis\u00e9es uniquement pour identifier les cas potentiels d\u2019abus et pour \u00e9tablir des informations statistiques concernant l\u2019utilisation du site. Ces informations statistiques ne sont pas agr\u00e9g\u00e9es de mani\u00e8re \u00e0 identifier un utilisateur sp\u00e9cifique.<\/p>\n<p>Vous pouvez visiter notre site sans nous dire qui vous \u00eates ni fournir des informations permettant de vous identifier. Cependant, pour utiliser certaines fonctionnalit\u00e9s du site (par exemple, recevoir notre lettre d\u2019information ou remplir un formulaire), vous pouvez \u00eatre amen\u00e9 \u00e0 nous fournir des donn\u00e9es personnelles telles que votre e-mail, pr\u00e9nom, nom, ville de r\u00e9sidence, organisation, ou num\u00e9ro de t\u00e9l\u00e9phone. Vous pouvez choisir de ne pas fournir ces informations, mais certaines fonctionnalit\u00e9s du site pourraient ne pas \u00eatre accessibles. Par exemple, vous ne pourrez pas recevoir notre bulletin d\u2019information ou nous contacter directement via le site.<\/p>\n<h3><strong>Vos droits<\/strong><\/h3>\n<p>Si vous \u00eates un r\u00e9sident europ\u00e9en, vous disposez des droits suivants concernant vos donn\u00e9es personnelles :<\/p>\n<ul>\n<li>Le droit d\u2019\u00eatre inform\u00e9.<\/li>\n<li>Le droit d\u2019acc\u00e8s.<\/li>\n<li>Le droit de rectification.<\/li>\n<li>Le droit \u00e0 l\u2019effacement.<\/li>\n<li>Le droit de restreindre le traitement.<\/li>\n<li>Le droit \u00e0 la portabilit\u00e9 des donn\u00e9es.<\/li>\n<li>Le droit d\u2019opposition.<\/li>\n<li>Les droits relatifs \u00e0 la prise de d\u00e9cision automatis\u00e9e et au profilage.<\/li>\n<\/ul>\n<p>Si vous souhaitez exercer l\u2019un de ces droits, veuillez nous contacter via le formulaire de contact sur notre site. Nous traitons vos informations principalement pour ex\u00e9cuter nos contrats avec vous (par exemple, pour l\u2019envoi de notre newsletter), ou pour poursuivre nos int\u00e9r\u00eats commerciaux l\u00e9gitimes mentionn\u00e9s ci-dessus. Il est possible que vos informations soient transf\u00e9r\u00e9es en dehors de l\u2019Europe, notamment au Canada et aux \u00c9tats-Unis.<\/p>\n<h3><strong>Liens vers d\u2019autres sites web<\/strong><\/h3>\n<p>Notre site web peut contenir des liens vers d\u2019autres sites qui ne sont pas d\u00e9tenus ou contr\u00f4l\u00e9s par nous. Nous ne sommes pas responsables de ces sites ou de leurs pratiques de confidentialit\u00e9. Nous vous encourageons \u00e0 lire les d\u00e9clarations de confidentialit\u00e9 de chaque site web que vous visitez.<\/p>\n<h3><strong>S\u00e9curisation des informations<\/strong><\/h3>\n<p>Nous s\u00e9curisons les informations que vous nous fournissez sur des serveurs dans un environnement contr\u00f4l\u00e9 et prot\u00e9g\u00e9, afin de pr\u00e9venir tout acc\u00e8s non autoris\u00e9, utilisation ou divulgation non autoris\u00e9e. Nous mettons en place des garanties administratives, techniques et physiques pour prot\u00e9ger vos donn\u00e9es personnelles. Toutefois, aucune transmission de donn\u00e9es sur Internet ou sur un r\u00e9seau sans fil ne peut \u00eatre garantie \u00e0 100%.<\/p>\n<h3><strong>Divulgation des informations<\/strong><\/h3>\n<p>Nous divulguerons toute information que nous collectons, utilisons ou recevons si la loi l\u2019exige ou l\u2019autorise, par exemple pour r\u00e9pondre \u00e0 une citation \u00e0 compara\u00eetre ou une proc\u00e9dure judiciaire. Nous pouvons \u00e9galement divulguer des informations si nous pensons de bonne foi que cela est n\u00e9cessaire pour prot\u00e9ger nos droits, votre s\u00e9curit\u00e9 ou celle d\u2019autrui, enqu\u00eater sur une fraude ou r\u00e9pondre \u00e0 une demande gouvernementale.<\/p>\n<h3><strong>Nous contacter<\/strong><\/h3>\n<p>Si vous souhaitez obtenir plus d\u2019informations sur cette politique ou si vous avez des questions concernant vos droits et vos informations personnelles, vous pouvez nous contacter par e-mail \u00e0 :<br \/><strong><a rel=\"noopener\">dany.loi@itproject.solutions<\/a><\/strong><\/p>\n\t\t\t\t\t\t\t\t<\/div>\n\t\t\t\t<\/div>\n\t\t\t\t\t<\/div>\n\t\t\t\t<\/div>\n\t\t\t\t<\/div>\n\t\t","protected":false},"excerpt":{"rendered":"<p>Politique de confidentialit\u00e9 Le site web est d\u00e9tenu par IT PROJECT, qui est responsable du traitement de vos donn\u00e9es personnelles. Nous avons adopt\u00e9 cette politique de confidentialit\u00e9 pour vous expliquer comment nous traitons les informations collect\u00e9es par le site, et les raisons pour lesquelles nous devons collecter certaines donn\u00e9es personnelles vous concernant. Nous vous invitons [&hellip;]<\/p>\n","protected":false},"author":1,"featured_media":0,"parent":0,"menu_order":0,"comment_status":"closed","ping_status":"closed","template":"","meta":{"_eb_attr":"","ocean_post_layout":"","ocean_both_sidebars_style":"","ocean_both_sidebars_content_width":0,"ocean_both_sidebars_sidebars_width":0,"ocean_sidebar":"","ocean_second_sidebar":"","ocean_disable_margins":"enable","ocean_add_body_class":"","ocean_shortcode_before_top_bar":"","ocean_shortcode_after_top_bar":"","ocean_shortcode_before_header":"","ocean_shortcode_after_header":"","ocean_has_shortcode":"","ocean_shortcode_after_title":"","ocean_shortcode_before_footer_widgets":"","ocean_shortcode_after_footer_widgets":"","ocean_shortcode_before_footer_bottom":"","ocean_shortcode_after_footer_bottom":"","ocean_display_top_bar":"default","ocean_display_header":"default","ocean_header_style":"","ocean_center_header_left_menu":"","ocean_custom_header_template":"","ocean_custom_logo":0,"ocean_custom_retina_logo":0,"ocean_custom_logo_max_width":0,"ocean_custom_logo_tablet_max_width":0,"ocean_custom_logo_mobile_max_width":0,"ocean_custom_logo_max_height":0,"ocean_custom_logo_tablet_max_height":0,"ocean_custom_logo_mobile_max_height":0,"ocean_header_custom_menu":"","ocean_menu_typo_font_family":"","ocean_menu_typo_font_subset":"","ocean_menu_typo_font_size":0,"ocean_menu_typo_font_size_tablet":0,"ocean_menu_typo_font_size_mobile":0,"ocean_menu_typo_font_size_unit":"px","ocean_menu_typo_font_weight":"","ocean_menu_typo_font_weight_tablet":"","ocean_menu_typo_font_weight_mobile":"","ocean_menu_typo_transform":"","ocean_menu_typo_transform_tablet":"","ocean_menu_typo_transform_mobile":"","ocean_menu_typo_line_height":0,"ocean_menu_typo_line_height_tablet":0,"ocean_menu_typo_line_height_mobile":0,"ocean_menu_typo_line_height_unit":"","ocean_menu_typo_spacing":0,"ocean_menu_typo_spacing_tablet":0,"ocean_menu_typo_spacing_mobile":0,"ocean_menu_typo_spacing_unit":"","ocean_menu_link_color":"","ocean_menu_link_color_hover":"","ocean_menu_link_color_active":"","ocean_menu_link_background":"","ocean_menu_link_hover_background":"","ocean_menu_link_active_background":"","ocean_menu_social_links_bg":"","ocean_menu_social_hover_links_bg":"","ocean_menu_social_links_color":"","ocean_menu_social_hover_links_color":"","ocean_disable_title":"default","ocean_disable_heading":"default","ocean_post_title":"","ocean_post_subheading":"","ocean_post_title_style":"","ocean_post_title_background_color":"","ocean_post_title_background":0,"ocean_post_title_bg_image_position":"","ocean_post_title_bg_image_attachment":"","ocean_post_title_bg_image_repeat":"","ocean_post_title_bg_image_size":"","ocean_post_title_height":0,"ocean_post_title_bg_overlay":0.5,"ocean_post_title_bg_overlay_color":"","ocean_disable_breadcrumbs":"default","ocean_breadcrumbs_color":"","ocean_breadcrumbs_separator_color":"","ocean_breadcrumbs_links_color":"","ocean_breadcrumbs_links_hover_color":"","ocean_display_footer_widgets":"default","ocean_display_footer_bottom":"default","ocean_custom_footer_template":"","footnotes":""},"class_list":["post-1223","page","type-page","status-publish","hentry","entry"],"yoast_head":"<!-- This site is optimized with the Yoast SEO plugin v26.9 - https:\/\/yoast.com\/product\/yoast-seo-wordpress\/ -->\n<title>Politique de confidentialit\u00e9 - IT PROJECT<\/title>\n<meta name=\"robots\" content=\"index, follow, max-snippet:-1, max-image-preview:large, max-video-preview:-1\" \/>\n<link rel=\"canonical\" href=\"https:\/\/itproject.solutions\/?page_id=1223\" \/>\n<meta property=\"og:locale\" content=\"fr_FR\" \/>\n<meta property=\"og:type\" content=\"article\" \/>\n<meta property=\"og:title\" content=\"Politique de confidentialit\u00e9 - IT PROJECT\" \/>\n<meta property=\"og:description\" content=\"Politique de confidentialit\u00e9 Le site web est d\u00e9tenu par IT PROJECT, qui est responsable du traitement de vos donn\u00e9es personnelles. Nous avons adopt\u00e9 cette politique de confidentialit\u00e9 pour vous expliquer comment nous traitons les informations collect\u00e9es par le site, et les raisons pour lesquelles nous devons collecter certaines donn\u00e9es personnelles vous concernant. Nous vous invitons [&hellip;]\" \/>\n<meta property=\"og:url\" content=\"https:\/\/itproject.solutions\/?page_id=1223\" \/>\n<meta property=\"og:site_name\" content=\"IT PROJECT\" \/>\n<meta property=\"article:modified_time\" content=\"2025-01-02T19:02:37+00:00\" \/>\n<meta name=\"twitter:card\" content=\"summary_large_image\" \/>\n<meta name=\"twitter:label1\" content=\"Dur\u00e9e de lecture estim\u00e9e\" \/>\n\t<meta name=\"twitter:data1\" content=\"4 minutes\" \/>\n<script type=\"application\/ld+json\" class=\"yoast-schema-graph\">{\"@context\":\"https:\/\/schema.org\",\"@graph\":[{\"@type\":\"WebPage\",\"@id\":\"https:\/\/itproject.solutions\/?page_id=1223\",\"url\":\"https:\/\/itproject.solutions\/?page_id=1223\",\"name\":\"Politique de confidentialit\u00e9 - IT PROJECT\",\"isPartOf\":{\"@id\":\"https:\/\/itproject.solutions\/#website\"},\"datePublished\":\"2024-12-31T11:59:34+00:00\",\"dateModified\":\"2025-01-02T19:02:37+00:00\",\"breadcrumb\":{\"@id\":\"https:\/\/itproject.solutions\/?page_id=1223#breadcrumb\"},\"inLanguage\":\"fr-FR\",\"potentialAction\":[{\"@type\":\"ReadAction\",\"target\":[\"https:\/\/itproject.solutions\/?page_id=1223\"]}]},{\"@type\":\"BreadcrumbList\",\"@id\":\"https:\/\/itproject.solutions\/?page_id=1223#breadcrumb\",\"itemListElement\":[{\"@type\":\"ListItem\",\"position\":1,\"name\":\"Accueil\",\"item\":\"https:\/\/itproject.solutions\/\"},{\"@type\":\"ListItem\",\"position\":2,\"name\":\"Politique de confidentialit\u00e9\"}]},{\"@type\":\"WebSite\",\"@id\":\"https:\/\/itproject.solutions\/#website\",\"url\":\"https:\/\/itproject.solutions\/\",\"name\":\"IT PROJECT\",\"description\":\"Int\u00e9grateur Divalto \u00e0 votre service\",\"publisher\":{\"@id\":\"https:\/\/itproject.solutions\/#organization\"},\"potentialAction\":[{\"@type\":\"SearchAction\",\"target\":{\"@type\":\"EntryPoint\",\"urlTemplate\":\"https:\/\/itproject.solutions\/?s={search_term_string}\"},\"query-input\":{\"@type\":\"PropertyValueSpecification\",\"valueRequired\":true,\"valueName\":\"search_term_string\"}}],\"inLanguage\":\"fr-FR\"},{\"@type\":\"Organization\",\"@id\":\"https:\/\/itproject.solutions\/#organization\",\"name\":\"IT PROJECT\",\"url\":\"https:\/\/itproject.solutions\/\",\"logo\":{\"@type\":\"ImageObject\",\"inLanguage\":\"fr-FR\",\"@id\":\"https:\/\/itproject.solutions\/#\/schema\/logo\/image\/\",\"url\":\"https:\/\/itproject.solutions\/wp-content\/uploads\/2025\/01\/logo-it-projetc-noir-e1639336580363.png\",\"contentUrl\":\"https:\/\/itproject.solutions\/wp-content\/uploads\/2025\/01\/logo-it-projetc-noir-e1639336580363.png\",\"width\":150,\"height\":47,\"caption\":\"IT PROJECT\"},\"image\":{\"@id\":\"https:\/\/itproject.solutions\/#\/schema\/logo\/image\/\"},\"sameAs\":[\"https:\/\/www.linkedin.com\/company\/it-project-intgrateur-divalto\/?viewAsMember=true\"]}]}<\/script>\n<!-- \/ Yoast SEO plugin. -->","yoast_head_json":{"title":"Politique de confidentialit\u00e9 - IT PROJECT","robots":{"index":"index","follow":"follow","max-snippet":"max-snippet:-1","max-image-preview":"max-image-preview:large","max-video-preview":"max-video-preview:-1"},"canonical":"https:\/\/itproject.solutions\/?page_id=1223","og_locale":"fr_FR","og_type":"article","og_title":"Politique de confidentialit\u00e9 - IT PROJECT","og_description":"Politique de confidentialit\u00e9 Le site web est d\u00e9tenu par IT PROJECT, qui est responsable du traitement de vos donn\u00e9es personnelles. Nous avons adopt\u00e9 cette politique de confidentialit\u00e9 pour vous expliquer comment nous traitons les informations collect\u00e9es par le site, et les raisons pour lesquelles nous devons collecter certaines donn\u00e9es personnelles vous concernant. Nous vous invitons [&hellip;]","og_url":"https:\/\/itproject.solutions\/?page_id=1223","og_site_name":"IT PROJECT","article_modified_time":"2025-01-02T19:02:37+00:00","twitter_card":"summary_large_image","twitter_misc":{"Dur\u00e9e de lecture estim\u00e9e":"4 minutes"},"schema":{"@context":"https:\/\/schema.org","@graph":[{"@type":"WebPage","@id":"https:\/\/itproject.solutions\/?page_id=1223","url":"https:\/\/itproject.solutions\/?page_id=1223","name":"Politique de confidentialit\u00e9 - IT PROJECT","isPartOf":{"@id":"https:\/\/itproject.solutions\/#website"},"datePublished":"2024-12-31T11:59:34+00:00","dateModified":"2025-01-02T19:02:37+00:00","breadcrumb":{"@id":"https:\/\/itproject.solutions\/?page_id=1223#breadcrumb"},"inLanguage":"fr-FR","potentialAction":[{"@type":"ReadAction","target":["https:\/\/itproject.solutions\/?page_id=1223"]}]},{"@type":"BreadcrumbList","@id":"https:\/\/itproject.solutions\/?page_id=1223#breadcrumb","itemListElement":[{"@type":"ListItem","position":1,"name":"Accueil","item":"https:\/\/itproject.solutions\/"},{"@type":"ListItem","position":2,"name":"Politique de confidentialit\u00e9"}]},{"@type":"WebSite","@id":"https:\/\/itproject.solutions\/#website","url":"https:\/\/itproject.solutions\/","name":"IT PROJECT","description":"Int\u00e9grateur Divalto \u00e0 votre service","publisher":{"@id":"https:\/\/itproject.solutions\/#organization"},"potentialAction":[{"@type":"SearchAction","target":{"@type":"EntryPoint","urlTemplate":"https:\/\/itproject.solutions\/?s={search_term_string}"},"query-input":{"@type":"PropertyValueSpecification","valueRequired":true,"valueName":"search_term_string"}}],"inLanguage":"fr-FR"},{"@type":"Organization","@id":"https:\/\/itproject.solutions\/#organization","name":"IT PROJECT","url":"https:\/\/itproject.solutions\/","logo":{"@type":"ImageObject","inLanguage":"fr-FR","@id":"https:\/\/itproject.solutions\/#\/schema\/logo\/image\/","url":"https:\/\/itproject.solutions\/wp-content\/uploads\/2025\/01\/logo-it-projetc-noir-e1639336580363.png","contentUrl":"https:\/\/itproject.solutions\/wp-content\/uploads\/2025\/01\/logo-it-projetc-noir-e1639336580363.png","width":150,"height":47,"caption":"IT PROJECT"},"image":{"@id":"https:\/\/itproject.solutions\/#\/schema\/logo\/image\/"},"sameAs":["https:\/\/www.linkedin.com\/company\/it-project-intgrateur-divalto\/?viewAsMember=true"]}]}},"_links":{"self":[{"href":"https:\/\/itproject.solutions\/index.php?rest_route=\/wp\/v2\/pages\/1223","targetHints":{"allow":["GET"]}}],"collection":[{"href":"https:\/\/itproject.solutions\/index.php?rest_route=\/wp\/v2\/pages"}],"about":[{"href":"https:\/\/itproject.solutions\/index.php?rest_route=\/wp\/v2\/types\/page"}],"author":[{"embeddable":true,"href":"https:\/\/itproject.solutions\/index.php?rest_route=\/wp\/v2\/users\/1"}],"replies":[{"embeddable":true,"href":"https:\/\/itproject.solutions\/index.php?rest_route=%2Fwp%2Fv2%2Fcomments&post=1223"}],"version-history":[{"count":9,"href":"https:\/\/itproject.solutions\/index.php?rest_route=\/wp\/v2\/pages\/1223\/revisions"}],"predecessor-version":[{"id":1381,"href":"https:\/\/itproject.solutions\/index.php?rest_route=\/wp\/v2\/pages\/1223\/revisions\/1381"}],"wp:attachment":[{"href":"https:\/\/itproject.solutions\/index.php?rest_route=%2Fwp%2Fv2%2Fmedia&parent=1223"}],"curies":[{"name":"wp","href":"https:\/\/api.w.org\/{rel}","templated":true}]}}